{"id":80,"date":"2025-12-31T17:48:47","date_gmt":"2025-12-31T16:48:47","guid":{"rendered":"https:\/\/wordpress.p701419.webspaceconfig.de\/?page_id=80"},"modified":"2026-04-09T15:51:46","modified_gmt":"2026-04-09T13:51:46","slug":"unsere-schuetzlinge","status":"publish","type":"page","link":"https:\/\/amicapower.com\/en\/unsere-schuetzlinge\/","title":{"rendered":"Projektpartnerinnen"},"content":{"rendered":"<p class=\"fonts-plugin-block\" style=\"font-size: 18px\">Amicapower unterst\u00fctzt mit G\u00fcter und finanziellen Mitteln Frauen vor Ort in Gambia (Westafrika) und organisiert auch in Gambia regelm\u00e4ssige Treffen f\u00fcr unsere Sch\u00fctzlinge und Frauen, mit dem Ziel Optimismus zu verbreiten und zu erlernen.<br><br><br>Der Verein setzt den Fokus auf drei Unterst\u00fctzungsarten, n\u00e4mlich:<br><br>&#8211; 1 Sack Reis (50kg) = CHF 30.-<br>&#8211; 1 Schuljahr inkl. Verpflegung, Schuhe, Uniform, Rucksack und Essen  = ca. CHF 140.-<br>&#8211; Reparatur Hausdach = ca. CHF 50.-  bis 200.-<br><br><\/p>\n\n\n<p class=\"has-medium-font-size\"><strong>Bintou Jabbi<\/strong><\/p>\n\n\n\n<figure class=\"wp-block-gallery has-nested-images columns-default is-cropped wp-block-gallery-1 is-layout-flex wp-block-gallery-is-layout-flex\">\n<figure class=\"wp-block-image size-large is-resized is-style-rounded\"><img loading=\"lazy\" decoding=\"async\" width=\"768\" height=\"1024\" data-id=\"93\" src=\"https:\/\/wordpress.p701419.webspaceconfig.de\/wp-content\/uploads\/2025\/12\/Bintou-Jabbi-SchuleFamilie-768x1024.jpg\" alt=\"\" class=\"wp-image-93\" style=\"width:330px\" srcset=\"https:\/\/amicapower.com\/wp-content\/uploads\/2025\/12\/Bintou-Jabbi-SchuleFamilie-768x1024.jpg 768w, https:\/\/amicapower.com\/wp-content\/uploads\/2025\/12\/Bintou-Jabbi-SchuleFamilie-225x300.jpg 225w, https:\/\/amicapower.com\/wp-content\/uploads\/2025\/12\/Bintou-Jabbi-SchuleFamilie.jpg 780w\" sizes=\"auto, (max-width: 768px) 100vw, 768px\" \/><\/figure>\n\n\n\n<figure class=\"wp-block-image size-large is-resized is-style-rounded\"><img loading=\"lazy\" decoding=\"async\" width=\"315\" height=\"420\" data-id=\"82\" src=\"https:\/\/wordpress.p701419.webspaceconfig.de\/wp-content\/uploads\/2025\/12\/Bintou-Jabbi-Schule-1-e1766850310683.jpg\" alt=\"\" class=\"wp-image-82\" style=\"width:330px;height:auto\"\/><\/figure>\n<\/figure>\n\n\n<p class=\"fonts-plugin-block\" style=\"font-size: 18px\">Sie ist eine sehr gute Sch\u00fclerin! Sie mag es in die Schule zu gehen. Ihre Mutter Fatou (links auf dem Foto) wurde seit Bintou ein Baby war vom Vater verlassen. Als ledige Frau, was in Gambia nicht \u00fcblich ist, hat die Mutter Probleme das letzte Schuljahr von Bintou zu bezahlen. Mutter Fatou ist mutig und taff, setzt alles daran, dass ihre Tochter eine bessere Zukunft hat. Sie kann die Schulgeb\u00fchren bezahlen, doch dieses Jahr sind sie h\u00f6her&#8230;<br><br>Uniform, Rucksack, Schuhe, Essen und B\u00fccher f\u00fcr ein Schuljahr (11. Stufe)<br>Totalkosten: 11&#8217;000 Dalasi (CHF 140.-)<\/p>\n\n\n<hr class=\"wp-block-separator has-alpha-channel-opacity is-style-default\"\/>\n\n\n\n<div class=\"wp-block-columns is-layout-flex wp-container-core-columns-is-layout-9d6595d7 wp-block-columns-is-layout-flex\">\n<div class=\"wp-block-column is-layout-flow wp-block-column-is-layout-flow\" style=\"flex-basis:100%\">\n<p class=\"has-medium-font-size\"><strong>Araboe Sanneh<\/strong><\/p>\n\n\n<div class=\"wp-block-image is-style-rounded\">\n<figure class=\"aligncenter size-large is-resized\"><img loading=\"lazy\" decoding=\"async\" width=\"768\" height=\"1024\" src=\"https:\/\/amicapower.com\/wp-content\/uploads\/2025\/12\/Araboe-SannehFamilie-Reis-768x1024.jpg\" alt=\"\" class=\"wp-image-87\" style=\"width:330px\" srcset=\"https:\/\/amicapower.com\/wp-content\/uploads\/2025\/12\/Araboe-SannehFamilie-Reis-768x1024.jpg 768w, https:\/\/amicapower.com\/wp-content\/uploads\/2025\/12\/Araboe-SannehFamilie-Reis-225x300.jpg 225w, https:\/\/amicapower.com\/wp-content\/uploads\/2025\/12\/Araboe-SannehFamilie-Reis.jpg 810w\" sizes=\"auto, (max-width: 768px) 100vw, 768px\" \/><\/figure><\/div><\/div>\n<\/div>\n\n\n<p class=\"fonts-plugin-block\" style=\"font-size: 18px\">Sie w\u00e4scht die Kleider f\u00fcr andere, aber sie verdient f\u00fcr ihre Familie nicht genug Geld.<br><br>1 Sack Reis (50kg) = 2&#8217;400 Dalasi (CHF 30.-)<\/p>\n\n\n<hr class=\"wp-block-separator has-alpha-channel-opacity\"\/>\n\n\n\n<p class=\"has-medium-font-size\"><strong>Fatou Manneh<\/strong><\/p>\n\n\n<div class=\"wp-block-image is-style-rounded\">\n<figure class=\"aligncenter size-large is-resized\"><img loading=\"lazy\" decoding=\"async\" width=\"1024\" height=\"498\" src=\"https:\/\/amicapower.com\/wp-content\/uploads\/2025\/12\/Fatou-MannehFamlie-Reis-1024x498.jpg\" alt=\"\" class=\"wp-image-95\" style=\"width:auto;height:330px\" srcset=\"https:\/\/amicapower.com\/wp-content\/uploads\/2025\/12\/Fatou-MannehFamlie-Reis-1024x498.jpg 1024w, https:\/\/amicapower.com\/wp-content\/uploads\/2025\/12\/Fatou-MannehFamlie-Reis-300x146.jpg 300w, https:\/\/amicapower.com\/wp-content\/uploads\/2025\/12\/Fatou-MannehFamlie-Reis-768x373.jpg 768w, https:\/\/amicapower.com\/wp-content\/uploads\/2025\/12\/Fatou-MannehFamlie-Reis.jpg 1080w\" sizes=\"auto, (max-width: 1024px) 100vw, 1024px\" \/><\/figure><\/div>\n\n<p class=\"fonts-plugin-block\" style=\"font-size: 18px\">Sie k\u00fcmmert sich um viele junge M\u00e4dchen, die nicht ihre eigene T\u00f6chtern sind. All diese M\u00e4dchen h\u00e4tten ohne die Hilfe von Fatou Manneh keine Zukunft.<br>Aber Fatou Manneh hat selber eine simple T\u00e4tigkeit, denn sie w\u00e4scht die Arbeitskleider im Spital und hat f\u00fcr die M\u00e4dchen und sich nicht genug zu Essen.<br>Sie k\u00e4mpft sich durch und dabei hat sie einen riesigen Stress.<br><br>1 Sack Reis (50kg) = 2&#8217;400 Dalasi (CHF 30.-)<\/p>\n\n\n<hr class=\"wp-block-separator has-alpha-channel-opacity\"\/>\n\n\n\n<p class=\"has-medium-font-size\"><strong>Mammy Conteh<\/strong><\/p>\n\n\n<div class=\"wp-block-image is-style-rounded\">\n<figure class=\"aligncenter size-large is-resized\"><img loading=\"lazy\" decoding=\"async\" width=\"1024\" height=\"768\" src=\"https:\/\/amicapower.com\/wp-content\/uploads\/2025\/12\/Mammy-ContehFamilie-Reis-1024x768.jpg\" alt=\"\" class=\"wp-image-96\" style=\"width:auto;height:330px\" srcset=\"https:\/\/amicapower.com\/wp-content\/uploads\/2025\/12\/Mammy-ContehFamilie-Reis-1024x768.jpg 1024w, https:\/\/amicapower.com\/wp-content\/uploads\/2025\/12\/Mammy-ContehFamilie-Reis-300x225.jpg 300w, https:\/\/amicapower.com\/wp-content\/uploads\/2025\/12\/Mammy-ContehFamilie-Reis-768x576.jpg 768w, https:\/\/amicapower.com\/wp-content\/uploads\/2025\/12\/Mammy-ContehFamilie-Reis-80x60.jpg 80w, https:\/\/amicapower.com\/wp-content\/uploads\/2025\/12\/Mammy-ContehFamilie-Reis.jpg 1080w\" sizes=\"auto, (max-width: 1024px) 100vw, 1024px\" \/><\/figure><\/div>\n\n<p class=\"fonts-plugin-block\" style=\"font-size: 18px\">Sie ist Verk\u00e4uferin und manchmal sorgt sie sich um andere Kinder, aber sie hat nicht genug Geld um ihre Familie zu ern\u00e4hren.<br><br>1 Sack Reis (50kg) = 2&#8217;400 Dalasi (CHF 30.-)<\/p>\n\n\n<hr class=\"wp-block-separator has-alpha-channel-opacity\"\/>\n\n\n\n<p class=\"has-medium-font-size\"><strong>Aisha and Hawa Fanneh<\/strong><\/p>\n\n\n\n<figure class=\"wp-block-gallery has-nested-images columns-default is-cropped wp-block-gallery-2 is-layout-flex wp-block-gallery-is-layout-flex\">\n<figure class=\"wp-block-image size-large is-style-rounded\"><img loading=\"lazy\" decoding=\"async\" width=\"576\" height=\"1024\" data-id=\"90\" src=\"https:\/\/wordpress.p701419.webspaceconfig.de\/wp-content\/uploads\/2025\/12\/AishaHawa-Fanneh-1-Schule-576x1024.jpg\" alt=\"\" class=\"wp-image-90\" srcset=\"https:\/\/amicapower.com\/wp-content\/uploads\/2025\/12\/AishaHawa-Fanneh-1-Schule-576x1024.jpg 576w, https:\/\/amicapower.com\/wp-content\/uploads\/2025\/12\/AishaHawa-Fanneh-1-Schule-169x300.jpg 169w, https:\/\/amicapower.com\/wp-content\/uploads\/2025\/12\/AishaHawa-Fanneh-1-Schule.jpg 607w\" sizes=\"auto, (max-width: 576px) 100vw, 576px\" \/><\/figure>\n\n\n\n<figure class=\"wp-block-image size-large is-style-rounded\"><img loading=\"lazy\" decoding=\"async\" width=\"567\" height=\"1008\" data-id=\"91\" src=\"https:\/\/wordpress.p701419.webspaceconfig.de\/wp-content\/uploads\/2025\/12\/AishaHawa-Fanneh-2-Schule.jpg\" alt=\"\" class=\"wp-image-91\" srcset=\"https:\/\/amicapower.com\/wp-content\/uploads\/2025\/12\/AishaHawa-Fanneh-2-Schule.jpg 567w, https:\/\/amicapower.com\/wp-content\/uploads\/2025\/12\/AishaHawa-Fanneh-2-Schule-169x300.jpg 169w\" sizes=\"auto, (max-width: 567px) 100vw, 567px\" \/><\/figure>\n\n\n\n<figure class=\"wp-block-image size-large is-style-rounded\"><img loading=\"lazy\" decoding=\"async\" width=\"289\" height=\"513\" data-id=\"94\" src=\"https:\/\/wordpress.p701419.webspaceconfig.de\/wp-content\/uploads\/2025\/12\/Brueder-AishaHawa-Fanneh-4-Schule.jpg\" alt=\"\" class=\"wp-image-94\" srcset=\"https:\/\/amicapower.com\/wp-content\/uploads\/2025\/12\/Brueder-AishaHawa-Fanneh-4-Schule.jpg 289w, https:\/\/amicapower.com\/wp-content\/uploads\/2025\/12\/Brueder-AishaHawa-Fanneh-4-Schule-169x300.jpg 169w\" sizes=\"auto, (max-width: 289px) 100vw, 289px\" \/><\/figure>\n<\/figure>\n\n\n<p class=\"fonts-plugin-block\" style=\"font-size: 18px\">Aisha und Hawa m\u00f6chten seit einem Jahr in die Schule gehen. Sie fragen ihre Mutter jeden Tag, ob sie in die Schule gehen d\u00fcrfen. Die Eltern haben aber leider nicht genug Geld f\u00fcr die Schule, weil die zwei \u00e4lteren Br\u00fcder bereits zur Schule gehen. Der Vater hat nicht genug Geld f\u00fcr die Familie und Mutter Fanta gibt ihr Bestes um ihre f\u00fcnf Kinder zu ern\u00e4hren. Fr\u00fcher verkaufte sie kaltes Wasser, aber seit das letzte Kind geboren wurde und die Familie im alten Haus leben muss, hat sie nicht die M\u00f6glichkeit den Kunden weiterhin Wasser zu verkaufen, da sie zu weit weg sind.<br><br>Schulgeb\u00fchren, Uniform, Schuhe, Essen und Rucksack, Trinkflasche f\u00fcr jedes M\u00e4dchen<br>7&#8217;000 Dalasi pro = 14&#8217;000 Dalasi (durch Flavia gegeben)<br><br>1 Sack Reis (50kg) = 2&#8217;400 Dalasi (CHF 30.-)<br><\/p>\n\n<div class=\"wp-block-image is-style-rounded\">\n<figure class=\"aligncenter size-full is-resized\"><img loading=\"lazy\" decoding=\"async\" width=\"395\" height=\"527\" src=\"https:\/\/amicapower.com\/wp-content\/uploads\/2025\/12\/AishaHawa-Fanneh-3-Schule.jpg\" alt=\"\" class=\"wp-image-92\" style=\"width:330px\" srcset=\"https:\/\/amicapower.com\/wp-content\/uploads\/2025\/12\/AishaHawa-Fanneh-3-Schule.jpg 395w, https:\/\/amicapower.com\/wp-content\/uploads\/2025\/12\/AishaHawa-Fanneh-3-Schule-225x300.jpg 225w\" sizes=\"auto, (max-width: 395px) 100vw, 395px\" \/><\/figure><\/div>\n\n\n<blockquote class=\"wp-block-quote has-text-align-center is-layout-flow wp-block-quote-is-layout-flow\">\n<figure class=\"wp-block-pullquote has-medium-font-size\"><blockquote><p>&#8230;We can&#8217;t go on<br>Pretending day by day<br>That someone, somewhere will soon make a change<br>We are all a part of God&#8217;s great big family<br>And the truth, you know, love is all we need&#8230;<\/p><cite>&#8211; song &#8222;we are the world&#8220; by usa for africa<\/cite><\/blockquote><\/figure>\n<\/blockquote>","protected":false},"excerpt":{"rendered":"<p>Bintou Jabbi Araboe Sanneh Fatou Manneh Mammy Conteh Aisha and Hawa Fanneh &#8230;We can&#8217;t go onPretending day by dayThat someone, somewhere will soon make a changeWe are all a part [&hellip;]<\/p>\n","protected":false},"author":2,"featured_media":0,"parent":0,"menu_order":0,"comment_status":"closed","ping_status":"closed","template":"","meta":{"footnotes":""},"class_list":["post-80","page","type-page","status-publish","hentry"],"_links":{"self":[{"href":"https:\/\/amicapower.com\/en\/wp-json\/wp\/v2\/pages\/80","targetHints":{"allow":["GET"]}}],"collection":[{"href":"https:\/\/amicapower.com\/en\/wp-json\/wp\/v2\/pages"}],"about":[{"href":"https:\/\/amicapower.com\/en\/wp-json\/wp\/v2\/types\/page"}],"author":[{"embeddable":true,"href":"https:\/\/amicapower.com\/en\/wp-json\/wp\/v2\/users\/2"}],"replies":[{"embeddable":true,"href":"https:\/\/amicapower.com\/en\/wp-json\/wp\/v2\/comments?post=80"}],"version-history":[{"count":25,"href":"https:\/\/amicapower.com\/en\/wp-json\/wp\/v2\/pages\/80\/revisions"}],"predecessor-version":[{"id":336,"href":"https:\/\/amicapower.com\/en\/wp-json\/wp\/v2\/pages\/80\/revisions\/336"}],"wp:attachment":[{"href":"https:\/\/amicapower.com\/en\/wp-json\/wp\/v2\/media?parent=80"}],"curies":[{"name":"wp","href":"https:\/\/api.w.org\/{rel}","templated":true}]}}