{"id":78,"date":"2025-12-31T17:48:27","date_gmt":"2025-12-31T16:48:27","guid":{"rendered":"https:\/\/wordpress.p701419.webspaceconfig.de\/?page_id=78"},"modified":"2026-01-11T23:40:45","modified_gmt":"2026-01-11T22:40:45","slug":"unser-vorgehen","status":"publish","type":"page","link":"https:\/\/amicapower.com\/en\/unser-vorgehen\/","title":{"rendered":"Unser Vorgehen"},"content":{"rendered":"<h2 class=\"wp-block-heading\">Anl\u00e4sse<\/h2>\n\n\n<p class=\"fonts-plugin-block\" style=\"font-size: 18px\">An unseren <strong>Anl\u00e4ssen in der Schweiz<\/strong> inspirieren wir uns gegenseitig zu mehr Optimismus indem wir:<br><br>&#8211; Spassige und kraftvolle Momente in der Frauengemeinschaft feiern<br>&#8211; Unser Mindset gezielt schulen und die Kraft des Bewusstseins fokussiert einsetzen<br>&#8211; Negative Denkmuster hinterfragen und positive Aspekte suchen<br>&#8211; Uns austauschen dar\u00fcber, wie wir das eigene Leben, die eigene Umwelt positiv gestalten k\u00f6nnen<br>&#8211; Wir uns gegenseitig an Optimismus erinnern und mit optimistischen Menschen umgeben<br>&#8211; Negative Nachrichten reduzieren<br>&#8211; Individuelle und kollektive positive Ziele formulieren und visualisieren<br>&#8211; Den Glauben an die eigenen F\u00e4higkeiten st\u00e4rken<br>&#8211; Unsere F\u00e4higkeiten erlebbar machen<br>&#8211; Herausforderungen meistern lernen, indem wir uns gegenseitig unterst\u00fctzen<br>&#8211; Das Menschenbild erweitern und unser Ur-Potential entdecken<br><br>Dem Naturkreislauf folgend, treffen wir uns vier Mal j\u00e4hrlich und durch die nat\u00fcrlichen <strong>Themen einer Saison<\/strong> lassen wir uns zu mehr Optimismus inspirieren.<br><br>Im Anschluss jedes Anlasses sammeln wir kleine <strong>Geldbeitr\u00e4ge f\u00fcr die Unterst\u00fctzung von Frauen in Gambia<\/strong>.<br><br><\/p>\n\n\n<h2 class=\"wp-block-heading\">Umsetzung<\/h2>\n\n\n\n<p class=\"has-medium-font-size\"><strong>Flavia reist zwei bis drei Mal j\u00e4hrlich nach Gambia und setzt das Geld f\u00fcr folgende Unterst\u00fctzungsmassnahmen ein:<\/strong><\/p>\n\n\n\n<ul class=\"wp-block-list\">\n<li class=\"has-medium-font-size\" style=\"text-decoration:none\">Schulgeld Kinder, die nicht in die Schule gehen k\u00f6nnen, weil die Mutter oder die Eltern das Schulgeld nicht bezahlen k\u00f6nnen (zur Zeit ca. CHF 130.- pro Kind und Schuljahr Uniform, geschlossene Schuhe und Zn\u00fcnibrot inklusive, welche in Gambischen Schulen obligatorisch sind)<\/li>\n\n\n\n<li class=\"has-medium-font-size\" style=\"text-decoration:none\">Reissack (Grundnahrungsmittel) f\u00fcr Familien von alleinerziehenden Frauen, oder f\u00fcr Frauen, deren M\u00e4nner kein Geld f\u00fcr das Essen bezahlen (zur Zeit ca. CHF 30.- f\u00fcr 50 Kilos)<\/li>\n\n\n\n<li class=\"has-medium-font-size\">Reparatur von L\u00f6chern im Dach, so dass die Frauen und deren Kindern auch w\u00e4hrend der Regensaison im Trockenen bleiben (je nach Reparatur von CHF 50.- bis 200.- ca.)<\/li>\n<\/ul>\n\n\n\n<p class=\"has-medium-font-size\">W\u00e4hrend Ihr Aufenthalt in Gambia organisiert sie ein <strong>Treffen mit den betreffenden Frauen und inspiriert sie zu mehr Optimismus und bewussterem Mindset.<\/strong> Sie wird von Fanta &nbsp;Fanneh assistiert, eine verl\u00e4ssliche und langj\u00e4hrliche gambische Freundin. Es besteht die M\u00f6glichkeit Flavia nach Gambia zu begleiten (Touristenprojekt)<\/p>\n\n\n\n<p class=\"has-medium-font-size\">Durch <strong>Fotos, Buchf\u00fchrung und Berichten<\/strong> dokumentieren Flavia und Fanta, wie die Spenden eingesetzt werden und welche Resultate daraus erwachsen. Die Resultate werden bei jedem Treffen in der Schweiz pr\u00e4sentiert.<\/p>\n\n\n\n<hr class=\"wp-block-separator has-alpha-channel-opacity\"\/>\n\n\n\n<div style=\"height:100px\" aria-hidden=\"true\" class=\"wp-block-spacer\"><\/div>\n\n\n\n<figure class=\"wp-block-pullquote\"><blockquote><p>Es gibt keine gro\u00dfen Entdeckungen und Fortschritte, solange es noch ein ungl\u00fcckliches Kind auf Erden gibt.<\/p><cite>&#8211; albert einstein<\/cite><\/blockquote><\/figure>","protected":false},"excerpt":{"rendered":"<p>Anl\u00e4sse Umsetzung Flavia reist zwei bis drei Mal j\u00e4hrlich nach Gambia und setzt das Geld f\u00fcr folgende Unterst\u00fctzungsmassnahmen ein: W\u00e4hrend Ihr Aufenthalt in Gambia organisiert sie ein Treffen mit den [&hellip;]<\/p>\n","protected":false},"author":2,"featured_media":0,"parent":0,"menu_order":0,"comment_status":"closed","ping_status":"closed","template":"","meta":{"footnotes":""},"class_list":["post-78","page","type-page","status-publish","hentry"],"_links":{"self":[{"href":"https:\/\/amicapower.com\/en\/wp-json\/wp\/v2\/pages\/78","targetHints":{"allow":["GET"]}}],"collection":[{"href":"https:\/\/amicapower.com\/en\/wp-json\/wp\/v2\/pages"}],"about":[{"href":"https:\/\/amicapower.com\/en\/wp-json\/wp\/v2\/types\/page"}],"author":[{"embeddable":true,"href":"https:\/\/amicapower.com\/en\/wp-json\/wp\/v2\/users\/2"}],"replies":[{"embeddable":true,"href":"https:\/\/amicapower.com\/en\/wp-json\/wp\/v2\/comments?post=78"}],"version-history":[{"count":4,"href":"https:\/\/amicapower.com\/en\/wp-json\/wp\/v2\/pages\/78\/revisions"}],"predecessor-version":[{"id":192,"href":"https:\/\/amicapower.com\/en\/wp-json\/wp\/v2\/pages\/78\/revisions\/192"}],"wp:attachment":[{"href":"https:\/\/amicapower.com\/en\/wp-json\/wp\/v2\/media?parent=78"}],"curies":[{"name":"wp","href":"https:\/\/api.w.org\/{rel}","templated":true}]}}