{"id":44,"date":"2025-11-24T18:37:04","date_gmt":"2025-11-24T17:37:04","guid":{"rendered":"http:\/\/wordpress.p701419.webspaceconfig.de\/about\/"},"modified":"2026-01-14T16:35:59","modified_gmt":"2026-01-14T15:35:59","slug":"about","status":"publish","type":"page","link":"https:\/\/amicapower.com\/en\/about\/","title":{"rendered":"\u00dcber uns"},"content":{"rendered":"<h2 class=\"wp-block-heading\">Der Vorstand<\/h2>\n\n\n<div class=\"wp-block-image is-style-rounded\">\n<figure class=\"aligncenter size-large is-resized\"><img loading=\"lazy\" decoding=\"async\" width=\"786\" height=\"1024\" src=\"https:\/\/amicapower.com\/wp-content\/uploads\/2026\/01\/Vorstand-e1768170677756-786x1024.jpg\" alt=\"\" class=\"wp-image-188\" style=\"width:400px\" srcset=\"https:\/\/amicapower.com\/wp-content\/uploads\/2026\/01\/Vorstand-e1768170677756-786x1024.jpg 786w, https:\/\/amicapower.com\/wp-content\/uploads\/2026\/01\/Vorstand-e1768170677756-230x300.jpg 230w, https:\/\/amicapower.com\/wp-content\/uploads\/2026\/01\/Vorstand-e1768170677756-768x1001.jpg 768w, https:\/\/amicapower.com\/wp-content\/uploads\/2026\/01\/Vorstand-e1768170677756-1179x1536.jpg 1179w, https:\/\/amicapower.com\/wp-content\/uploads\/2026\/01\/Vorstand-e1768170677756.jpg 1228w\" sizes=\"auto, (max-width: 786px) 100vw, 786px\" \/><\/figure><\/div>\n\n\n<p class=\"has-text-align-center\"><em>Von links nach rechts: Patricia, Rahel, Flavia<\/em><\/p>\n\n\n\n<div style=\"height:50px\" aria-hidden=\"true\" class=\"wp-block-spacer\"><\/div>\n\n\n\n<h2 class=\"wp-block-heading\">Flavia-Pr\u00e4sidentin:<\/h2>\n\n\n<p class=\"fonts-plugin-block\" style=\"font-size: 18px\">Ich liebe The Gambia, das kleine Land in Westafrika und besuche dort j\u00e4hrlich meine wunderbare Schwiegerfamilie. Immer wieder komme ich dabei in Kontakt mit schweren Schicksalsschl\u00e4gen von gambischen Frauen. So beschloss ich im Sommer 2025 aktiv zu werden und meinen Teil dazu beizutragen um Frauen zu unterst\u00fctzen. Ich bin der der \u00dcberzeugung, dass eine optimistische innere Haltung gegen\u00fcber dem Leben, die treibende Kraft zu mehr Gl\u00fcck, mehr Erfolg, mehr Wohlwollen und F\u00fclle im Leben ist. Warum sollten wir uns nicht gegenseitig inspirieren und unterst\u00fctzen? Hier in der Schweiz und dort in Gambia? So habe ich die beiden Dinge miteinander verbunden\u2026 der Samen zu <strong>amicapower<\/strong> war gelegt\u2026 Und nun ist es Zeit f\u00fcr Wachstum! Ich freue mich total auf den gemeinsamen Weg!<br>Ich habe italienische Wurzeln, bin in Rom aufgewachsen, lebe in St. Gallen, bin Inspiratorin und selbst\u00e4ndiger Coach (<a href=\"http:\/\/www.bewusstimflow.ch\">www.bewusstimflow.ch<\/a>) und habe Freude gemeinsam mit anderen, Neues auszuprobieren und aufzubauen. Gambia ist eine meiner vielen Heimatsorten. Ich bin Mutter von zwei erwachsenen S\u00f6hnen, die mich immer wieder inspirieren und auf neue Ideen bringen.<br><br><\/p>\n\n\n<h2 class=\"wp-block-heading\">Rahel-Kassiererin:<\/h2>\n\n\n<p class=\"fonts-plugin-block\" style=\"font-size: 18px\">Ich bin Teil von <strong>amicapower<\/strong>, da ich Lust darauf habe, mich mit Frauen* in der Schweiz und in Gambia zu vernetzen. Gemeinsam sind wir stark und k\u00f6nnen Grosses bewirken.<br>Ich lebe mit meinem Mann und unserem Sohn im Rorschacherberg. Mit meiner Schwiegerfamilie in Gambia f\u00fchle ich mich verbunden, auch wenn wir uns nur selten sehen.<br>Ich arbeite als Ergotherapeutin mit Kindern.<br><br><\/p>\n\n\n<h2 class=\"wp-block-heading\">Patricia-Aktuarin:<\/h2>\n\n\n<p class=\"fonts-plugin-block\" style=\"font-size: 18px\">Als Flavia (Vereinspr\u00e4sidentin) mit Ihrer Idee auf mich zukam, war ich sofort begeistert!<br>Frauen, die Frauen st\u00e4rken, gemeinsam Kraft entwickeln und etwas bewegen, genau das treibt auch mich an. Darum engagiere ich mich mit \u00dcberzeugung bei <strong>amicapower!<\/strong><br>Ich lebe in St. Gallen, arbeite in einer sozialen Institution im Thurgau, engagiere mich seit Jahren f\u00fcr soziale Projekte aller Art und bin stolze Mutter zwei erwachsenen T\u00f6chtern.<br><br><br><br><\/p>\n\n\n<hr class=\"wp-block-separator has-alpha-channel-opacity\"\/>\n\n\n\n<h2 class=\"wp-block-heading\">Vereinsstatuten<\/h2>\n\n\n\n<div data-wp-interactive=\"core\/file\" class=\"wp-block-file\"><object data-wp-bind--hidden=\"!state.hasPdfPreview\" hidden class=\"wp-block-file__embed\" data=\"https:\/\/wordpress.p701419.webspaceconfig.de\/wp-content\/uploads\/2025\/12\/Statuten-amicapower.pdf\" type=\"application\/pdf\" style=\"width:100%;height:600px\" aria-label=\"Embed of Statuten amicapower.\"><\/object><a id=\"wp-block-file--media-0bf28dc6-6803-4598-95cc-4ba5f1d844b1\" href=\"https:\/\/wordpress.p701419.webspaceconfig.de\/wp-content\/uploads\/2025\/12\/Statuten-amicapower.pdf\">Statuten amicapower<\/a><a href=\"https:\/\/wordpress.p701419.webspaceconfig.de\/wp-content\/uploads\/2025\/12\/Statuten-amicapower.pdf\" class=\"wp-block-file__button wp-element-button\" download aria-describedby=\"wp-block-file--media-0bf28dc6-6803-4598-95cc-4ba5f1d844b1\">Herunterladen<\/a><\/div>\n\n\n\n<div style=\"height:100px\" aria-hidden=\"true\" class=\"wp-block-spacer\"><\/div>\n\n\n\n<figure class=\"wp-block-pullquote\"><blockquote><p>Only the man who is not hungry says the coconut has a hard shell.<\/p><cite>&#8211; \u00e4thiopische weisheit<\/cite><\/blockquote><\/figure>","protected":false},"excerpt":{"rendered":"<p>Der Vorstand Von links nach rechts: Patricia, Rahel, Flavia Flavia-Pr\u00e4sidentin: Rahel-Kassiererin: Patricia-Aktuarin: Vereinsstatuten Only the man who is not hungry says the coconut has a hard shell. &#8211; \u00e4thiopische weisheit<\/p>","protected":false},"author":1,"featured_media":0,"parent":0,"menu_order":0,"comment_status":"closed","ping_status":"closed","template":"","meta":{"footnotes":""},"class_list":["post-44","page","type-page","status-publish","hentry"],"_links":{"self":[{"href":"https:\/\/amicapower.com\/en\/wp-json\/wp\/v2\/pages\/44","targetHints":{"allow":["GET"]}}],"collection":[{"href":"https:\/\/amicapower.com\/en\/wp-json\/wp\/v2\/pages"}],"about":[{"href":"https:\/\/amicapower.com\/en\/wp-json\/wp\/v2\/types\/page"}],"author":[{"embeddable":true,"href":"https:\/\/amicapower.com\/en\/wp-json\/wp\/v2\/users\/1"}],"replies":[{"embeddable":true,"href":"https:\/\/amicapower.com\/en\/wp-json\/wp\/v2\/comments?post=44"}],"version-history":[{"count":8,"href":"https:\/\/amicapower.com\/en\/wp-json\/wp\/v2\/pages\/44\/revisions"}],"predecessor-version":[{"id":210,"href":"https:\/\/amicapower.com\/en\/wp-json\/wp\/v2\/pages\/44\/revisions\/210"}],"wp:attachment":[{"href":"https:\/\/amicapower.com\/en\/wp-json\/wp\/v2\/media?parent=44"}],"curies":[{"name":"wp","href":"https:\/\/api.w.org\/{rel}","templated":true}]}}