{"id":43,"date":"2025-11-24T18:37:04","date_gmt":"2025-11-24T17:37:04","guid":{"rendered":"http:\/\/wordpress.p701419.webspaceconfig.de\/contact\/"},"modified":"2026-02-18T19:43:09","modified_gmt":"2026-02-18T18:43:09","slug":"contact","status":"publish","type":"page","link":"https:\/\/amicapower.com\/en\/contact\/","title":{"rendered":"Kontakt"},"content":{"rendered":"<p class=\"fonts-plugin-block \"><strong>amicapower<\/strong><br>Sch\u00f6naustrasse 77<br>CH-9000 St. Gallen<br><br>F\u00fcr den Kontakt zur Pr\u00e4sidentin Flavia Krogh schreiben Sie eine <a href=\"mailto:praesidentin@amicapower.com\">E-Mail hier<\/a>.<br><br><br>Spendenkonto:<br><br>acrevis Bank St. Gallen<br><strong>amicapower<\/strong><br>IBAN: CH35 0690 0064 8592 1000 0<br>SWIFT\/BIC: ACRGCH22XXX<br><br>F\u00fcr eine Rechnung schreiben Sie uns eine Nachricht \u00fcber das untere Kontaktformular.<br><br>Bank QR-\u00dcberweisung:<\/p>\n\n\n<figure class=\"wp-block-image size-full\"><img loading=\"lazy\" decoding=\"async\" width=\"196\" height=\"198\" src=\"https:\/\/amicapower.com\/wp-content\/uploads\/2026\/02\/Bankdaten-QR.jpg\" alt=\"\" class=\"wp-image-307\"\/><\/figure>\n\n\n<style id=\"wpforms-css-vars-196-block-c31cad5a-b071-4c87-9e67-dd881cd7f11e\">\n\t\t\t\t#wpforms-196.wpforms-block-c31cad5a-b071-4c87-9e67-dd881cd7f11e {\n\t\t\t\t--wpforms-field-size-input-height: 43px;\n--wpforms-field-size-input-spacing: 15px;\n--wpforms-field-size-font-size: 16px;\n--wpforms-field-size-line-height: 19px;\n--wpforms-field-size-padding-h: 14px;\n--wpforms-field-size-checkbox-size: 16px;\n--wpforms-field-size-sublabel-spacing: 5px;\n--wpforms-field-size-icon-size: 1;\n--wpforms-label-size-font-size: 16px;\n--wpforms-label-size-line-height: 19px;\n--wpforms-label-size-sublabel-font-size: 14px;\n--wpforms-label-size-sublabel-line-height: 17px;\n--wpforms-button-size-font-size: 17px;\n--wpforms-button-size-height: 41px;\n--wpforms-button-size-padding-h: 15px;\n--wpforms-button-size-margin-top: 10px;\n\t\t\t}\n\t\t\t<\/style><div class=\"wpforms-container wpforms-container-full wpforms-block wpforms-block-c31cad5a-b071-4c87-9e67-dd881cd7f11e wpforms-render-modern\" id=\"wpforms-196\"><form id=\"wpforms-form-196\" class=\"wpforms-validate wpforms-form wpforms-ajax-form\" data-formid=\"196\" method=\"post\" enctype=\"multipart\/form-data\" action=\"\/en\/wp-json\/wp\/v2\/pages\/43\" data-token=\"b147d556054aab6db03c9dc5b99bc936\" data-token-time=\"1776141396\"><noscript class=\"wpforms-error-noscript\">Please enable JavaScript in your browser to complete this form.<\/noscript><div id=\"wpforms-error-noscript\" style=\"display: none;\">Please enable JavaScript in your browser to complete this form.<\/div><div class=\"wpforms-field-container\"><div id=\"wpforms-196-field_1-container\" class=\"wpforms-field wpforms-field-name\" data-field-id=\"1\"><fieldset><legend class=\"wpforms-field-label\">Name <span class=\"wpforms-required-label\" aria-hidden=\"true\">*<\/span><\/legend><div class=\"wpforms-field-row wpforms-field-medium\"><div class=\"wpforms-field-row-block wpforms-first wpforms-one-half\"><input type=\"text\" id=\"wpforms-196-field_1\" class=\"wpforms-field-name-first wpforms-field-required\" name=\"wpforms[fields][1][first]\" aria-errormessage=\"wpforms-196-field_1-error\" required><label for=\"wpforms-196-field_1\" class=\"wpforms-field-sublabel after\">First<\/label><\/div><div class=\"wpforms-field-row-block wpforms-one-half\"><input type=\"text\" id=\"wpforms-196-field_1-last\" class=\"wpforms-field-name-last wpforms-field-required\" name=\"wpforms[fields][1][last]\" aria-errormessage=\"wpforms-196-field_1-last-error\" required><label for=\"wpforms-196-field_1-last\" class=\"wpforms-field-sublabel after\">Last<\/label><\/div><\/div><\/fieldset><\/div><div id=\"wpforms-196-field_2-container\" class=\"wpforms-field wpforms-field-email\" data-field-id=\"2\"><label class=\"wpforms-field-label\" for=\"wpforms-196-field_2\">E-Mail-Adresse <span class=\"wpforms-required-label\" aria-hidden=\"true\">*<\/span><\/label><input type=\"email\" id=\"wpforms-196-field_2\" class=\"wpforms-field-medium wpforms-field-required\" name=\"wpforms[fields][2]\" spellcheck=\"false\" aria-errormessage=\"wpforms-196-field_2-error\" required><\/div>\t\t<div id=\"wpforms-196-field_5-container\"\n\t\t\tclass=\"wpforms-field wpforms-field-text\"\n\t\t\tdata-field-type=\"text\"\n\t\t\tdata-field-id=\"5\"\n\t\t\t>\n\t\t\t<label class=\"wpforms-field-label\" for=\"wpforms-196-field_5\" >Kontakt Grund Kommentar<\/label>\n\t\t\t<input type=\"text\" id=\"wpforms-196-field_5\" class=\"wpforms-field-medium\" name=\"wpforms[fields][5]\" >\n\t\t<\/div>\n\t\t<div id=\"wpforms-196-field_3-container\" class=\"wpforms-field wpforms-field-textarea\" data-field-id=\"3\"><label class=\"wpforms-field-label\" for=\"wpforms-196-field_3\">Kommentar oder Nachricht<\/label><textarea id=\"wpforms-196-field_3\" class=\"wpforms-field-medium\" name=\"wpforms[fields][3]\" aria-errormessage=\"wpforms-196-field_3-error\" ><\/textarea><\/div><div id=\"wpforms-196-field_4-container\" class=\"wpforms-field wpforms-field-select wpforms-field-select-style-classic\" data-field-id=\"4\"><label class=\"wpforms-field-label\" for=\"wpforms-196-field_4\">Grund f\u00fcr Kontakt <span class=\"wpforms-required-label\" aria-hidden=\"true\">*<\/span><\/label><select id=\"wpforms-196-field_4\" class=\"wpforms-field-medium wpforms-field-required\" name=\"wpforms[fields][4]\" required=\"required\"><option value=\"\" class=\"placeholder\" disabled  selected='selected'>&#8212; Auswahl treffen &#8212;<\/option><option value=\"Spende\"  class=\"choice-1 depth-1\"  >Spende<\/option><option value=\"Mitglied- oder G\u00f6nnerschaft\"  class=\"choice-4 depth-1\"  >Mitglied- oder G\u00f6nnerschaft<\/option><option value=\"Information\"  class=\"choice-2 depth-1\"  >Information<\/option><option value=\"Fragen\"  class=\"choice-3 depth-1\"  >Fragen<\/option><\/select><\/div><script>\n\t\t\t\t( function() {\n\t\t\t\t\tconst style = document.createElement( 'style' );\n\t\t\t\t\tstyle.appendChild( document.createTextNode( '#wpforms-196-field_5-container { position: absolute !important; overflow: hidden !important; display: inline !important; height: 1px !important; width: 1px !important; z-index: -1000 !important; padding: 0 !important; } #wpforms-196-field_5-container input { visibility: hidden; } #wpforms-conversational-form-page #wpforms-196-field_5-container label { counter-increment: none; }' ) );\n\t\t\t\t\tdocument.head.appendChild( style );\n\t\t\t\t\tdocument.currentScript?.remove();\n\t\t\t\t} )();\n\t\t\t<\/script><\/div><!-- .wpforms-field-container --><div class=\"wpforms-submit-container\" ><input type=\"hidden\" name=\"wpforms[id]\" value=\"196\"><input type=\"hidden\" name=\"page_title\" value=\"\"><input type=\"hidden\" name=\"page_url\" value=\"https:\/\/amicapower.com\/en\/wp-json\/wp\/v2\/pages\/43\"><input type=\"hidden\" name=\"url_referer\" value=\"\"><button type=\"submit\" name=\"wpforms[submit]\" id=\"wpforms-submit-196\" class=\"wpforms-submit\" data-alt-text=\"Wird gesendet\u00a0\u2026\" data-submit-text=\"Absenden\" aria-live=\"assertive\" value=\"wpforms-submit\">Absenden<\/button><img loading=\"lazy\" decoding=\"async\" src=\"https:\/\/amicapower.com\/wp-content\/plugins\/wpforms-lite\/assets\/images\/submit-spin.svg\" class=\"wpforms-submit-spinner\" style=\"display: none;\" width=\"26\" height=\"26\" alt=\"Loading\"><\/div><\/form><\/div>  <!-- .wpforms-container -->\n\n\n<div style=\"height:50px\" aria-hidden=\"true\" class=\"wp-block-spacer\"><\/div>\n\n\n\n<figure class=\"wp-block-pullquote\"><blockquote><p>Vielleicht wird alles Vielleichter<\/p><cite>&#8211; Eva Eiselt, Rebecca Kluth<\/cite><\/blockquote><\/figure>\n","protected":false},"excerpt":{"rendered":"<p>Vielleicht wird alles Vielleichter &#8211; Eva Eiselt, Rebecca Kluth<\/p>","protected":false},"author":1,"featured_media":0,"parent":0,"menu_order":0,"comment_status":"closed","ping_status":"closed","template":"","meta":{"footnotes":""},"class_list":["post-43","page","type-page","status-publish","hentry"],"_links":{"self":[{"href":"https:\/\/amicapower.com\/en\/wp-json\/wp\/v2\/pages\/43","targetHints":{"allow":["GET"]}}],"collection":[{"href":"https:\/\/amicapower.com\/en\/wp-json\/wp\/v2\/pages"}],"about":[{"href":"https:\/\/amicapower.com\/en\/wp-json\/wp\/v2\/types\/page"}],"author":[{"embeddable":true,"href":"https:\/\/amicapower.com\/en\/wp-json\/wp\/v2\/users\/1"}],"replies":[{"embeddable":true,"href":"https:\/\/amicapower.com\/en\/wp-json\/wp\/v2\/comments?post=43"}],"version-history":[{"count":16,"href":"https:\/\/amicapower.com\/en\/wp-json\/wp\/v2\/pages\/43\/revisions"}],"predecessor-version":[{"id":315,"href":"https:\/\/amicapower.com\/en\/wp-json\/wp\/v2\/pages\/43\/revisions\/315"}],"wp:attachment":[{"href":"https:\/\/amicapower.com\/en\/wp-json\/wp\/v2\/media?parent=43"}],"curies":[{"name":"wp","href":"https:\/\/api.w.org\/{rel}","templated":true}]}}