{"id":348,"date":"2026-04-09T16:03:01","date_gmt":"2026-04-09T14:03:01","guid":{"rendered":"https:\/\/amicapower.com\/?page_id=348"},"modified":"2026-04-09T16:49:59","modified_gmt":"2026-04-09T14:49:59","slug":"agenda","status":"publish","type":"page","link":"https:\/\/amicapower.com\/en\/agenda\/","title":{"rendered":"Agenda"},"content":{"rendered":"\n<div  class=\"tribe-compatibility-container\" >\n\t<div\n\t\t class=\"tribe-common tribe-events tribe-events-view tribe-events-view--widget-events-list tribe-events-widget\" \t\tdata-js=\"tribe-events-view\"\n\t\tdata-view-rest-url=\"https:\/\/amicapower.com\/en\/wp-json\/tribe\/views\/v2\/html\"\n\t\tdata-view-manage-url=\"1\"\n\t\t\t\t\t\t\tdata-view-breakpoint-pointer=\"0297292b-b3c6-45a5-a7b6-5c2b1dd0b036\"\n\t\t\t>\n\t\t<div class=\"tribe-events-widget-events-list\">\n\n\t\t\t<script type=\"application\/ld+json\">\r\n[{\"@context\":\"http:\/\/schema.org\",\"@type\":\"Event\",\"name\":\"Ranken und tanzen in der milden Luft\",\"description\":\"&lt;p&gt;Die Natur ist erwacht, Bl\\u00fcten, Bl\\u00e4tter, Ranken haben sich den Raum und den Platz an der Sonne erobert, sie tanzen in der milden Mai-Luft und freue sich unbeschwert \\u00fcber ihr [&hellip;]&lt;\/p&gt;\\\\n\",\"url\":\"https:\/\/amicapower.com\/en\/event\/ranken-und-tanzen-in-der-milden-luft\/\",\"eventAttendanceMode\":\"https:\/\/schema.org\/OfflineEventAttendanceMode\",\"eventStatus\":\"https:\/\/schema.org\/EventScheduled\",\"startDate\":\"2026-05-09T14:00:00+02:00\",\"endDate\":\"2026-05-09T17:00:00+02:00\",\"location\":{\"@type\":\"Place\",\"name\":\"CP-Schule\",\"description\":\"\",\"url\":\"\",\"address\":{\"@type\":\"PostalAddress\",\"streetAddress\":\"Flurhofstrasse 56\",\"addressLocality\":\"St. Gallen\",\"addressRegion\":\"SG\",\"postalCode\":\"9000\",\"addressCountry\":\"Switzerland\"},\"telephone\":\"\",\"sameAs\":\"\"},\"organizer\":{\"@type\":\"Person\",\"name\":\"amicapower\",\"description\":\"\",\"url\":\"\",\"telephone\":\"\",\"email\":\"\",\"sameAs\":\"\"},\"offers\":{\"@type\":\"Offer\",\"price\":\"0\",\"priceCurrency\":\"CHF\",\"url\":\"https:\/\/amicapower.com\/en\/event\/ranken-und-tanzen-in-der-milden-luft\/\",\"category\":\"primary\",\"availability\":\"inStock\",\"validFrom\":\"2026-01-27T00:00:00+00:00\"},\"performer\":\"Organization\"},{\"@context\":\"http:\/\/schema.org\",\"@type\":\"Event\",\"name\":\"Feuer und Flamme sein\",\"description\":\"&lt;p&gt;Sommerhitze im Draussen, Feuerlodern im Innern! Wir treffen uns im Wald an der Feuerstelle, grillieren und kochen, und philosophieren \\u00fcber die Kraft des Feuers! Wof\\u00fcr brennt unser inneres Feuer? Und [&hellip;]&lt;\/p&gt;\\\\n\",\"url\":\"https:\/\/amicapower.com\/en\/event\/feuer-und-flamme-sein\/\",\"eventAttendanceMode\":\"https:\/\/schema.org\/OfflineEventAttendanceMode\",\"eventStatus\":\"https:\/\/schema.org\/EventScheduled\",\"startDate\":\"2026-08-08T14:00:00+02:00\",\"endDate\":\"2026-08-08T18:00:00+02:00\",\"organizer\":{\"@type\":\"Person\",\"name\":\"amicapower\",\"description\":\"\",\"url\":\"\",\"telephone\":\"\",\"email\":\"\",\"sameAs\":\"\"},\"offers\":{\"@type\":\"Offer\",\"price\":\"0\",\"priceCurrency\":\"CHF\",\"url\":\"https:\/\/amicapower.com\/en\/event\/feuer-und-flamme-sein\/\",\"category\":\"primary\",\"availability\":\"inStock\",\"validFrom\":\"2026-01-27T00:00:00+00:00\"},\"performer\":\"Organization\"},{\"@context\":\"http:\/\/schema.org\",\"@type\":\"Event\",\"name\":\"Erholung und Erdung\",\"description\":\"&lt;p&gt;Die Natur ist mit der All-Weisheit verbunden und zieht sich im Winter zur\\u00fcck. Zur\\u00fcck zu Mutter Erde. Zeit f\\u00fcr die Regeneration! Zeit der Besinnung. Zeit des Kr\\u00e4ftesammelns f\\u00fcr den neuen [&hellip;]&lt;\/p&gt;\\\\n\",\"url\":\"https:\/\/amicapower.com\/en\/event\/erholung-und-erdung\/\",\"eventAttendanceMode\":\"https:\/\/schema.org\/OfflineEventAttendanceMode\",\"eventStatus\":\"https:\/\/schema.org\/EventScheduled\",\"startDate\":\"2026-11-07T14:00:00+01:00\",\"endDate\":\"2026-11-07T18:00:00+01:00\",\"organizer\":{\"@type\":\"Person\",\"name\":\"amicapower\",\"description\":\"\",\"url\":\"\",\"telephone\":\"\",\"email\":\"\",\"sameAs\":\"\"},\"offers\":{\"@type\":\"Offer\",\"price\":\"0\",\"priceCurrency\":\"CHF\",\"url\":\"https:\/\/amicapower.com\/en\/event\/erholung-und-erdung\/\",\"category\":\"primary\",\"availability\":\"inStock\",\"validFrom\":\"2026-01-27T00:00:00+00:00\"},\"performer\":\"Organization\"}]\r\n<\/script>\n\t\t\t<script data-js=\"tribe-events-view-data\" type=\"application\/json\">\n\t{\"slug\":\"widget-events-list\",\"prev_url\":\"\",\"next_url\":\"\",\"view_class\":\"Tribe\\\\Events\\\\Views\\\\V2\\\\Views\\\\Widgets\\\\Widget_List_View\",\"view_slug\":\"widget-events-list\",\"view_label\":\"View\",\"view\":null,\"should_manage_url\":true,\"id\":null,\"alias-slugs\":null,\"title\":\"Events from April 14 \\u2013 November 7 \\u2013 amicapower\",\"limit\":\"5\",\"no_upcoming_events\":false,\"featured_events_only\":false,\"jsonld_enable\":true,\"tribe_is_list_widget\":false,\"admin_fields\":{\"title\":{\"label\":\"Title:\",\"type\":\"text\",\"parent_classes\":\"\",\"classes\":\"\",\"dependency\":\"\",\"id\":\"widget-tribe-widget-events-list--1-title\",\"name\":\"widget-tribe-widget-events-list[-1][title]\",\"options\":[],\"placeholder\":\"\",\"value\":null},\"limit\":{\"label\":\"Show:\",\"type\":\"number\",\"default\":5,\"min\":1,\"max\":10,\"step\":1,\"parent_classes\":\"\",\"classes\":\"\",\"dependency\":\"\",\"id\":\"widget-tribe-widget-events-list--1-limit\",\"name\":\"widget-tribe-widget-events-list[-1][limit]\",\"options\":[],\"placeholder\":\"\",\"value\":null},\"no_upcoming_events\":{\"label\":\"Hide this widget if there are no upcoming events.\",\"type\":\"checkbox\",\"parent_classes\":\"\",\"classes\":\"\",\"dependency\":\"\",\"id\":\"widget-tribe-widget-events-list--1-no_upcoming_events\",\"name\":\"widget-tribe-widget-events-list[-1][no_upcoming_events]\",\"options\":[],\"placeholder\":\"\",\"value\":null},\"featured_events_only\":{\"label\":\"Limit to featured events only\",\"type\":\"checkbox\",\"parent_classes\":\"\",\"classes\":\"\",\"dependency\":\"\",\"id\":\"widget-tribe-widget-events-list--1-featured_events_only\",\"name\":\"widget-tribe-widget-events-list[-1][featured_events_only]\",\"options\":[],\"placeholder\":\"\",\"value\":null},\"jsonld_enable\":{\"label\":\"Generate JSON-LD data\",\"type\":\"checkbox\",\"parent_classes\":\"\",\"classes\":\"\",\"dependency\":\"\",\"id\":\"widget-tribe-widget-events-list--1-jsonld_enable\",\"name\":\"widget-tribe-widget-events-list[-1][jsonld_enable]\",\"options\":[],\"placeholder\":\"\",\"value\":null}},\"events\":[235,239,241],\"url\":\"https:\\\/\\\/amicapower.com\\\/en\\\/?post_type=tribe_events&eventDisplay=widget-events-list\",\"url_event_date\":false,\"bar\":{\"keyword\":\"\",\"date\":\"\"},\"today\":\"2026-04-14 00:00:00\",\"now\":\"2026-04-14 06:41:22\",\"home_url\":\"https:\\\/\\\/amicapower.com\\\/en\",\"rest_url\":\"https:\\\/\\\/amicapower.com\\\/en\\\/wp-json\\\/tribe\\\/views\\\/v2\\\/html\",\"rest_method\":\"GET\",\"rest_nonce\":\"\",\"today_url\":\"https:\\\/\\\/amicapower.com\\\/en\\\/?post_type=tribe_events&eventDisplay=widget-events-list&rest_route=%2Fwp%2Fv2%2Fpages%2F348\",\"today_title\":\"Click to select today's date\",\"today_label\":\"Today\",\"prev_label\":\"\",\"next_label\":\"\",\"date_formats\":{\"compact\":\"n\\\/j\\\/Y\",\"month_and_year_compact\":\"n\\\/j\\\/Y\",\"month_and_year\":\"F Y\",\"time_range_separator\":\" - \",\"date_time_separator\":\" @ \"},\"messages\":[],\"start_of_week\":\"1\",\"header_title\":\"\",\"header_title_element\":\"h1\",\"content_title\":\"\",\"show_content_title\":false,\"breadcrumbs\":[],\"backlink\":false,\"before_events\":\"\",\"after_events\":\"\\n<!--\\nThis calendar is powered by The Events Calendar.\\nhttp:\\\/\\\/evnt.is\\\/18wn\\n-->\\n\",\"display_events_bar\":false,\"disable_event_search\":false,\"live_refresh\":true,\"ical\":{\"display_link\":true,\"link\":{\"url\":\"https:\\\/\\\/amicapower.com\\\/en\\\/?post_type=tribe_events&#038;eventDisplay=widget-events-list&#038;ical=1\",\"text\":\"Export Events\",\"title\":\"Use this to share calendar data with Google Calendar, Apple iCal and other compatible apps\"}},\"container_classes\":[\"tribe-common\",\"tribe-events\",\"tribe-events-view\",\"tribe-events-view--widget-events-list\",\"tribe-events-widget\"],\"container_data\":[],\"is_past\":false,\"breakpoints\":{\"xsmall\":500,\"medium\":768,\"full\":960},\"breakpoint_pointer\":\"0297292b-b3c6-45a5-a7b6-5c2b1dd0b036\",\"is_initial_load\":false,\"public_views\":{\"list\":{\"view_class\":\"Tribe\\\\Events\\\\Views\\\\V2\\\\Views\\\\List_View\",\"view_url\":\"https:\\\/\\\/amicapower.com\\\/en\\\/events\\\/(\\\/?:list|liste)\\\/\",\"view_label\":\"List\",\"aria_label\":\"Display Events in List View\"},\"month\":{\"view_class\":\"Tribe\\\\Events\\\\Views\\\\V2\\\\Views\\\\Month_View\",\"view_url\":\"https:\\\/\\\/amicapower.com\\\/en\\\/events\\\/(\\\/?:month|monat)\\\/\",\"view_label\":\"Month\",\"aria_label\":\"Display Events in Month View\"},\"day\":{\"view_class\":\"Tribe\\\\Events\\\\Views\\\\V2\\\\Views\\\\Day_View\",\"view_url\":\"https:\\\/\\\/amicapower.com\\\/en\\\/events\\\/(\\\/?:today|heute)\\\/\",\"view_label\":\"Day\",\"aria_label\":\"Display Events in Day View\"}},\"show_latest_past\":false,\"past\":false,\"compatibility_classes\":[\"tribe-compatibility-container\"],\"view_more_text\":\"View Calendar\",\"view_more_title\":\"View more events.\",\"view_more_link\":\"https:\\\/\\\/amicapower.com\\\/en\\\/events\\\/\",\"widget_title\":\"Bevorstehende Veranstaltungen\",\"hide_if_no_upcoming_events\":false,\"display\":[],\"subscribe_links\":{\"gcal\":{\"label\":\"Google Calendar\",\"single_label\":\"Add to Google Calendar\",\"visible\":true,\"block_slug\":\"hasGoogleCalendar\"},\"ical\":{\"label\":\"iCalendar\",\"single_label\":\"Add to iCalendar\",\"visible\":true,\"block_slug\":\"hasiCal\"},\"outlook-365\":{\"label\":\"Outlook 365\",\"single_label\":\"Outlook 365\",\"visible\":true,\"block_slug\":\"hasOutlook365\"},\"outlook-live\":{\"label\":\"Outlook Live\",\"single_label\":\"Outlook Live\",\"visible\":true,\"block_slug\":\"hasOutlookLive\"},\"ics\":{\"label\":\"Export .ics file\",\"single_label\":\"Export .ics file\",\"visible\":true,\"block_slug\":null},\"outlook-ics\":{\"label\":\"Export Outlook .ics file\",\"single_label\":\"Export Outlook .ics file\",\"visible\":true,\"block_slug\":null}},\"_context\":{\"slug\":\"widget-events-list\"}}<\/script>\n\n\t\t\t\t\t\t\t<header class=\"tribe-events-widget-events-list__header\">\n\t\t\t\t\t<h2 class=\"tribe-events-widget-events-list__header-title tribe-common-h6 tribe-common-h--alt\">\n\t\t\t\t\t\tBevorstehende Veranstaltungen\t\t\t\t\t<\/h2>\n\t\t\t\t<\/header>\n\t\t\t\n\t\t\t\n\t\t\t\t<div class=\"tribe-events-widget-events-list__events\">\n\t\t\t\t\t\t\t\t\t\t\t<div  class=\"tribe-common-g-row tribe-events-widget-events-list__event-row\" >\n\n\t<div class=\"tribe-events-widget-events-list__event-date-tag tribe-common-g-col\">\n\t<time class=\"tribe-events-widget-events-list__event-date-tag-datetime\" datetime=\"2026-05-09\">\n\t\t<span class=\"tribe-events-widget-events-list__event-date-tag-month\">\n\t\t\tMay\t\t<\/span>\n\t\t<span class=\"tribe-events-widget-events-list__event-date-tag-daynum tribe-common-h2 tribe-common-h4--min-medium\">\n\t\t\t9\t\t<\/span>\n\t<\/time>\n<\/div>\n\n\t<div class=\"tribe-events-widget-events-list__event-wrapper tribe-common-g-col\">\n\t\t<article  class=\"tribe-events-widget-events-list__event post-235 tribe_events type-tribe_events status-publish hentry\" >\n\t\t\t<div class=\"tribe-events-widget-events-list__event-details\">\n\n\t\t\t\t<header class=\"tribe-events-widget-events-list__event-header\">\n\t\t\t\t\t<div class=\"tribe-events-widget-events-list__event-datetime-wrapper tribe-common-b2 tribe-common-b3--min-medium\">\n\t\t<time class=\"tribe-events-widget-events-list__event-datetime\" datetime=\"2026-05-09\">\n\t\t<span class=\"tribe-event-date-start\">14:00<\/span> &#8211; <span class=\"tribe-event-time\">17:00<\/span>\t<\/time>\n\t<\/div>\n\t\t\t\t\t<h3 class=\"tribe-events-widget-events-list__event-title tribe-common-h7\">\n\t<a\n\t\thref=\"https:\/\/amicapower.com\/en\/event\/ranken-und-tanzen-in-der-milden-luft\/\"\n\t\ttitle=\"Ranken und tanzen in der milden Luft\"\n\t\trel=\"bookmark\"\n\t\tclass=\"tribe-events-widget-events-list__event-title-link tribe-common-anchor-thin\"\n\t>\n\t\tRanken und tanzen in der milden Luft\t<\/a>\n<\/h3>\n\t\t\t\t<\/header>\n\n\t\t\t\t\n\t\t\t<\/div>\n\t\t<\/article>\n\t<\/div>\n\n<\/div>\n\t\t\t\t\t\t\t\t\t\t\t<div  class=\"tribe-common-g-row tribe-events-widget-events-list__event-row\" >\n\n\t<div class=\"tribe-events-widget-events-list__event-date-tag tribe-common-g-col\">\n\t<time class=\"tribe-events-widget-events-list__event-date-tag-datetime\" datetime=\"2026-08-08\">\n\t\t<span class=\"tribe-events-widget-events-list__event-date-tag-month\">\n\t\t\tAug\t\t<\/span>\n\t\t<span class=\"tribe-events-widget-events-list__event-date-tag-daynum tribe-common-h2 tribe-common-h4--min-medium\">\n\t\t\t8\t\t<\/span>\n\t<\/time>\n<\/div>\n\n\t<div class=\"tribe-events-widget-events-list__event-wrapper tribe-common-g-col\">\n\t\t<article  class=\"tribe-events-widget-events-list__event post-239 tribe_events type-tribe_events status-publish hentry\" >\n\t\t\t<div class=\"tribe-events-widget-events-list__event-details\">\n\n\t\t\t\t<header class=\"tribe-events-widget-events-list__event-header\">\n\t\t\t\t\t<div class=\"tribe-events-widget-events-list__event-datetime-wrapper tribe-common-b2 tribe-common-b3--min-medium\">\n\t\t<time class=\"tribe-events-widget-events-list__event-datetime\" datetime=\"2026-08-08\">\n\t\t<span class=\"tribe-event-date-start\">14:00<\/span> &#8211; <span class=\"tribe-event-time\">18:00<\/span>\t<\/time>\n\t<\/div>\n\t\t\t\t\t<h3 class=\"tribe-events-widget-events-list__event-title tribe-common-h7\">\n\t<a\n\t\thref=\"https:\/\/amicapower.com\/en\/event\/feuer-und-flamme-sein\/\"\n\t\ttitle=\"Feuer und Flamme sein\"\n\t\trel=\"bookmark\"\n\t\tclass=\"tribe-events-widget-events-list__event-title-link tribe-common-anchor-thin\"\n\t>\n\t\tFeuer und Flamme sein\t<\/a>\n<\/h3>\n\t\t\t\t<\/header>\n\n\t\t\t\t\n\t\t\t<\/div>\n\t\t<\/article>\n\t<\/div>\n\n<\/div>\n\t\t\t\t\t\t\t\t\t\t\t<div  class=\"tribe-common-g-row tribe-events-widget-events-list__event-row\" >\n\n\t<div class=\"tribe-events-widget-events-list__event-date-tag tribe-common-g-col\">\n\t<time class=\"tribe-events-widget-events-list__event-date-tag-datetime\" datetime=\"2026-11-07\">\n\t\t<span class=\"tribe-events-widget-events-list__event-date-tag-month\">\n\t\t\tNov\t\t<\/span>\n\t\t<span class=\"tribe-events-widget-events-list__event-date-tag-daynum tribe-common-h2 tribe-common-h4--min-medium\">\n\t\t\t7\t\t<\/span>\n\t<\/time>\n<\/div>\n\n\t<div class=\"tribe-events-widget-events-list__event-wrapper tribe-common-g-col\">\n\t\t<article  class=\"tribe-events-widget-events-list__event post-241 tribe_events type-tribe_events status-publish hentry\" >\n\t\t\t<div class=\"tribe-events-widget-events-list__event-details\">\n\n\t\t\t\t<header class=\"tribe-events-widget-events-list__event-header\">\n\t\t\t\t\t<div class=\"tribe-events-widget-events-list__event-datetime-wrapper tribe-common-b2 tribe-common-b3--min-medium\">\n\t\t<time class=\"tribe-events-widget-events-list__event-datetime\" datetime=\"2026-11-07\">\n\t\t<span class=\"tribe-event-date-start\">14:00<\/span> &#8211; <span class=\"tribe-event-time\">18:00<\/span>\t<\/time>\n\t<\/div>\n\t\t\t\t\t<h3 class=\"tribe-events-widget-events-list__event-title tribe-common-h7\">\n\t<a\n\t\thref=\"https:\/\/amicapower.com\/en\/event\/erholung-und-erdung\/\"\n\t\ttitle=\"Erholung und Erdung\"\n\t\trel=\"bookmark\"\n\t\tclass=\"tribe-events-widget-events-list__event-title-link tribe-common-anchor-thin\"\n\t>\n\t\tErholung und Erdung\t<\/a>\n<\/h3>\n\t\t\t\t<\/header>\n\n\t\t\t\t\n\t\t\t<\/div>\n\t\t<\/article>\n\t<\/div>\n\n<\/div>\n\t\t\t\t\t\t\t\t\t<\/div>\n\n\t\t\t\t<div class=\"tribe-events-widget-events-list__view-more tribe-common-b1 tribe-common-b2--min-medium\">\n\t<a\n\t\thref=\"https:\/\/amicapower.com\/en\/events\/\"\n\t\tclass=\"tribe-events-widget-events-list__view-more-link tribe-common-anchor-thin\"\n\t\ttitle=\"View more events.\"\n\t>\n\t\tView Calendar\t<\/a>\n<\/div>\n\n\t\t\t\t\t<\/div>\n\t<\/div>\n<\/div>\n<script data-js='tribe-events-view-nonce-data' type='application\/json'>{\"tvn1\":\"4627ec303f\",\"tvn2\":\"\"}<\/script>\n\n\n\n<p style=\"font-style:normal;font-weight:700\">Samstag, 09.05.2026 | 14:00 \u2013 17:00 Uhr<\/p>\n\n\n\n<p>An der CP-Schule, Flurhofstrasse 56, 9000 St. Gallen<\/p>\n\n\n\n<p>Gemeinsam S\u00fcssspeisen aus Gambia zubereiten<\/p>\n\n\n\n<p>An unserem zweiten \u00f6ffentlichen Anlass laden wir Frauen herzlich ein, gemeinsam einen inspirierenden Nachmittag zu verbringen. In gem\u00fctlicher Atmosph\u00e4re kochen wir zusammen traditionelle Desserts aus Gambia und schaffen Raum f\u00fcr Begegnung, Austausch und neue Verbindungen.<\/p>\n\n\n\n<p>Sally zeigt uns Schritt f\u00fcr Schritt, wie authentische gambische Panketos (frittierte Teigb\u00e4llchen) sowie Chakry (Joghurts\u00fcssspeise mit Couscous), zubereitet werden.<\/p>\n\n\n\n<p>W\u00e4hrend wir zusammen r\u00fchren, formen und probieren, bleibt viel Zeit f\u00fcr Gespr\u00e4che, gegenseitiges Kennenlernen und gemeinsames Lachen. Nach dem Kochen setzen wir uns zusammen, geniessen die frisch zubereiteten S\u00fcssspeisen und lassen den Nachmittag in entspannter Runde ausklingen.<\/p>\n\n\n\n<p>Bei warmem Wetter findet der Anlass draussen statt, bei k\u00fchler oder nasser Witterung drinnen.<\/p>\n\n\n\n<p style=\"font-style:normal;font-weight:700\">Samstag, 08.08.2026 | 14:00 \u2013 17:00 Uhr<\/p>\n\n\n\n<p>3. \u00f6ffentlicher Anlass<\/p>\n\n\n\n<p>Das genaue Programm und Ort wird noch bekannt gegeben.<\/p>\n\n\n\n<p>Wenn du \u00fcber unsere Anl\u00e4sse auf dem Laufenden bleiben m\u00f6chtest, melde dich gerne f\u00fcr unseren Newsletter an: info@amicapower.com<\/p>\n\n\n\n<p style=\"font-style:normal;font-weight:700\">Samstag, 07.11.2026 | 14:00 \u2013 17:00 Uhr<\/p>\n\n\n\n<p>4. \u00f6ffentlicher Anlass<\/p>\n\n\n\n<p>Das genaue Programm und Ort wird noch bekannt gegeben.<\/p>\n\n\n\n<p>Wenn du \u00fcber unsere Anl\u00e4sse auf dem Laufenden bleiben m\u00f6chtest, melde dich gerne f\u00fcr unseren Newsletter an: info@amicapower.com<\/p>\n","protected":false},"excerpt":{"rendered":"<p>Samstag, 09.05.2026 | 14:00 \u2013 17:00 Uhr An der CP-Schule, Flurhofstrasse 56, 9000 St. Gallen Gemeinsam S\u00fcssspeisen aus Gambia zubereiten An unserem zweiten \u00f6ffentlichen Anlass laden wir Frauen herzlich ein, [&hellip;]<\/p>\n","protected":false},"author":2,"featured_media":0,"parent":0,"menu_order":0,"comment_status":"closed","ping_status":"closed","template":"","meta":{"footnotes":""},"class_list":["post-348","page","type-page","status-publish","hentry"],"_links":{"self":[{"href":"https:\/\/amicapower.com\/en\/wp-json\/wp\/v2\/pages\/348","targetHints":{"allow":["GET"]}}],"collection":[{"href":"https:\/\/amicapower.com\/en\/wp-json\/wp\/v2\/pages"}],"about":[{"href":"https:\/\/amicapower.com\/en\/wp-json\/wp\/v2\/types\/page"}],"author":[{"embeddable":true,"href":"https:\/\/amicapower.com\/en\/wp-json\/wp\/v2\/users\/2"}],"replies":[{"embeddable":true,"href":"https:\/\/amicapower.com\/en\/wp-json\/wp\/v2\/comments?post=348"}],"version-history":[{"count":3,"href":"https:\/\/amicapower.com\/en\/wp-json\/wp\/v2\/pages\/348\/revisions"}],"predecessor-version":[{"id":370,"href":"https:\/\/amicapower.com\/en\/wp-json\/wp\/v2\/pages\/348\/revisions\/370"}],"wp:attachment":[{"href":"https:\/\/amicapower.com\/en\/wp-json\/wp\/v2\/media?parent=348"}],"curies":[{"name":"wp","href":"https:\/\/api.w.org\/{rel}","templated":true}]}}